{"id":1481,"date":"2026-03-28T13:42:39","date_gmt":"2026-03-28T13:42:39","guid":{"rendered":"https:\/\/iriide.com\/?page_id=1481"},"modified":"2026-03-30T08:22:30","modified_gmt":"2026-03-30T08:22:30","slug":"politique-de-cookies","status":"publish","type":"page","link":"https:\/\/iriide.com\/fr\/cookie-policy\/","title":{"rendered":"Politique de cookies"},"content":{"rendered":"<style>.elementor-1481 .elementor-element.elementor-element-1cd7b9fc{--display:flex;--flex-direction:column;--container-widget-width:100%;--container-widget-height:initial;--container-widget-flex-grow:0;--container-widget-align-self:initial;--flex-wrap-mobile:wrap;--margin-top:0px;--margin-bottom:0px;--margin-left:0px;--margin-right:0px;--padding-top:6em;--padding-bottom:6em;--padding-left:0em;--padding-right:0em;}.elementor-1481 .elementor-element.elementor-element-2c2e3bf8{text-align:start;margin:0px 0px calc(var(--kit-widget-spacing, 0px) + 30px) 0px;}.elementor-1481 .elementor-element.elementor-element-2c2e3bf8 .elementor-heading-title{font-family:\"Tahoma\", Sans-serif;font-size:4em;font-weight:900;line-height:1em;color:var( --e-global-color-4beba71 );}.elementor-1481 .elementor-element.elementor-element-2c2e3bf8.elementor-element{--align-self:center;}.elementor-1481 .elementor-element.elementor-element-53873dc2{--display:flex;--flex-direction:column;--container-widget-width:100%;--container-widget-height:initial;--container-widget-flex-grow:0;--container-widget-align-self:initial;--flex-wrap-mobile:wrap;--padding-top:56px;--padding-bottom:80px;--padding-left:0px;--padding-right:0px;}.elementor-1481 .elementor-element.elementor-element-1f0dcf5b{font-family:\"Poppins\", Sans-serif;font-size:16px;line-height:23px;color:#0C0D0E;}:root{--page-title-display:none;}@media(max-width:1024px){.elementor-1481 .elementor-element.elementor-element-2c2e3bf8 .elementor-heading-title{font-size:1.7em;}}@media(min-width:768px){.elementor-1481 .elementor-element.elementor-element-1cd7b9fc{--content-width:1380px;}.elementor-1481 .elementor-element.elementor-element-53873dc2{--content-width:1004px;}}@media(max-width:767px){.elementor-1481 .elementor-element.elementor-element-1cd7b9fc{--padding-top:12em;--padding-bottom:2em;--padding-left:0em;--padding-right:0em;}.elementor-1481 .elementor-element.elementor-element-2c2e3bf8{text-align:center;}.elementor-1481 .elementor-element.elementor-element-2c2e3bf8 .elementor-heading-title{font-size:1.5em;}.elementor-1481 .elementor-element.elementor-element-53873dc2{--padding-top:19px;--padding-bottom:19px;--padding-left:19px;--padding-right:19px;}}<\/style>\t\t<div data-elementor-type=\"wp-page\" data-elementor-id=\"1481\" class=\"elementor elementor-1481\" data-elementor-post-type=\"page\">\n\t\t\t\t<div class=\"elementor-element elementor-element-1cd7b9fc e-flex e-con-boxed e-con e-parent\" data-id=\"1cd7b9fc\" data-element_type=\"container\" data-e-type=\"container\" data-settings=\"{&quot;background_background&quot;:&quot;classic&quot;}\">\n\t\t\t\t\t<div class=\"e-con-inner\">\n\t\t\t\t\t<\/div>\n\t\t\t\t<\/div>\n\t\t<div class=\"elementor-element elementor-element-53873dc2 e-flex e-con-boxed e-con e-parent\" data-id=\"53873dc2\" data-element_type=\"container\" data-e-type=\"container\">\n\t\t\t\t\t<div class=\"e-con-inner\">\n\t\t\t\t<div class=\"elementor-element elementor-element-1f0dcf5b elementor-widget elementor-widget-text-editor\" data-id=\"1f0dcf5b\" data-element_type=\"widget\" data-e-type=\"widget\" data-widget_type=\"text-editor.default\">\n\t\t\t\t\t\t\t\t\t<p data-path-to-node=\"3\"><b data-path-to-node=\"3\" data-index-in-node=\"0\">1. Introduction<\/b> I-RIIDE Technologies S\u00e0rl (\u201c I-RIIDE \u201d, \u201c nous \u201d, \u201c notre \u201d) utilise des cookies et des technologies similaires pour assurer le bon fonctionnement de sa plateforme, am\u00e9liorer l'exp\u00e9rience utilisateur et proposer du contenu pertinent. Cette politique d'utilisation des cookies (la \u201c Politique de cookies \u201d) explique clairement et de mani\u00e8re transparente ce que sont les cookies, comment et pourquoi I-RIIDE les utilise, ainsi que les choix qui s'offrent \u00e0 vous lors de votre visite sur le site web. <a class=\"ng-star-inserted\" href=\"https:\/\/www.google.com\/search?q=https:\/\/www.i-riide.com\" target=\"_blank\" rel=\"noopener\" data-hveid=\"0\" data-ved=\"0CAAQ_4QMahgKEwj70-qWg8eTAxUAAAAAHQAAAAAQ1wE\">www.i-riide.com<\/a> et\/ou en utilisant l'application I-RIIDE. La pr\u00e9sente politique compl\u00e8te notre Politique de confidentialit\u00e9 et nos Conditions d'utilisation.<\/p><p data-path-to-node=\"4\"><b data-path-to-node=\"4\" data-index-in-node=\"0\">2. Qu'est-ce qu'un cookie ?<\/b> Un cookie est un petit fichier texte stock\u00e9 et\/ou lu par votre navigateur web sur le disque dur de votre appareil (ordinateur, tablette, smartphone) lorsque vous consultez un site web. Les cookies sont utilis\u00e9s pour\u00a0:<\/p><ul data-path-to-node=\"5\"><li><p data-path-to-node=\"5,0,0\">M\u00e9morisez vos pr\u00e9f\u00e9rences (telles que la langue ou les param\u00e8tres).<\/p><\/li><li><p data-path-to-node=\"5,1,0\">S\u00e9curiser l'acc\u00e8s \u00e0 certaines fonctionnalit\u00e9s.<\/p><\/li><li><p data-path-to-node=\"5,2,0\">Analyser comment le site web est utilis\u00e9.<\/p><\/li><li><p data-path-to-node=\"5,3,0\">Afficher du contenu ou de la publicit\u00e9 adapt\u00e9s \u00e0 vos centres d'int\u00e9r\u00eat.<\/p><\/li><\/ul><p data-path-to-node=\"6\">Les cookies peuvent \u00eatre :<\/p><ul><li><b data-path-to-node=\"6\" data-index-in-node=\"15\">Cookies de premier partie<\/b> sont plac\u00e9s directement par I-RIIDE.<\/li><li><b data-path-to-node=\"6\" data-index-in-node=\"65\">Cookies tiers<\/b> plac\u00e9e par un partenaire externe ou un prestataire de services.<\/li><\/ul><p data-path-to-node=\"7\"><b data-path-to-node=\"7\" data-index-in-node=\"0\">3. Types de cookies utilis\u00e9s par I-RIIDE<\/b><\/p><p data-path-to-node=\"8\"><b data-path-to-node=\"8\" data-index-in-node=\"0\">3.1. Cookies strictement n\u00e9cessaires :<\/b> Ces cookies sont essentiels au bon fonctionnement du site web et de l'application. Ils permettent :<\/p><ul data-path-to-node=\"9\"><li><p data-path-to-node=\"9,0,0\">Acc\u00e8s aux zones s\u00e9curis\u00e9es.<\/p><\/li><li><p data-path-to-node=\"9,1,0\">Gestion des sessions utilisateur.<\/p><\/li><li><p data-path-to-node=\"9,2,0\">S\u00e9curit\u00e9 et pr\u00e9vention de la fraude. Sans ces cookies, certains services peuvent ne pas fonctionner correctement.<\/p><\/li><\/ul><p data-path-to-node=\"10\"><b data-path-to-node=\"10\" data-index-in-node=\"0\">3.2. Cookies de fonctionnalit\u00e9 :<\/b> Ces cookies nous permettent de :<\/p><ul data-path-to-node=\"11\"><li><p data-path-to-node=\"11,0,0\">Vous reconna\u00eetre lors de visites ult\u00e9rieures.<\/p><\/li><li><p data-path-to-node=\"11,1,0\">Souvenez-vous de vos pr\u00e9f\u00e9rences (langue, r\u00e9gion, param\u00e8tres).<\/p><\/li><li><p data-path-to-node=\"11,2,0\">Personnalisez votre exp\u00e9rience utilisateur. Les donn\u00e9es collect\u00e9es via ces cookies sont anonymes et ne peuvent pas \u00eatre utilis\u00e9es pour suivre votre navigation sur d'autres sites web.<\/p><\/li><\/ul><p data-path-to-node=\"12\"><b data-path-to-node=\"12\" data-index-in-node=\"0\">3.3. Cookies de performance et de mesure d'audience :<\/b> Ces cookies permettent \u00e0 I-RIIDE de :<\/p><ul data-path-to-node=\"13\"><li><p data-path-to-node=\"13,0,0\">Mesurer le trafic du site web.<\/p><\/li><li><p data-path-to-node=\"13,1,0\">Analyser la navigation utilisateur.<\/p><\/li><li><p data-path-to-node=\"13,2,0\">Identifier les pages les plus visit\u00e9es.<\/p><\/li><li><p data-path-to-node=\"13,3,0\">D\u00e9tecter les erreurs techniques potentielles. Ces informations nous aident \u00e0 am\u00e9liorer continuellement les performances, l'utilisabilit\u00e9 et la qualit\u00e9 de nos services.<\/p><\/li><\/ul><p data-path-to-node=\"14\"><b data-path-to-node=\"14\" data-index-in-node=\"0\">3.4. Cookies publicitaires et de ciblage :<\/b> Ces cookies enregistrent :<\/p><ul data-path-to-node=\"15\"><li><p data-path-to-node=\"15,0,0\">Votre visite sur notre site web.<\/p><\/li><li><p data-path-to-node=\"15,1,0\">Pages vues.<\/p><\/li><li><p data-path-to-node=\"15,2,0\">Liens sur lesquels vous avez cliqu\u00e9. Ils sont utilis\u00e9s pour afficher des publicit\u00e9s adapt\u00e9es \u00e0 vos centres d'int\u00e9r\u00eat et pour mesurer l'efficacit\u00e9 des campagnes publicitaires.<\/p><\/li><\/ul><p data-path-to-node=\"16\"><b data-path-to-node=\"16\" data-index-in-node=\"0\">4. Utilisation de cookies tiers<\/b> I-RIIDE peut faire appel \u00e0 des fournisseurs de services tiers (par exemple, des outils d'analyse du trafic ou des r\u00e9seaux publicitaires) pour :<\/p><ul data-path-to-node=\"17\"><li><p data-path-to-node=\"17,0,0\">Analyser l'utilisation de sa plateforme.<\/p><\/li><li><p data-path-to-node=\"17,1,0\">Am\u00e9liorer l'exp\u00e9rience utilisateur.<\/p><\/li><li><p data-path-to-node=\"17,2,0\">Diffusion de publicit\u00e9s cibl\u00e9es en dehors du site web I-RIIDE.<\/p><\/li><\/ul><p data-path-to-node=\"18\"><b data-path-to-node=\"18\" data-index-in-node=\"0\">5. Gestion et refus des cookies<\/b><\/p><p data-path-to-node=\"19\"><b data-path-to-node=\"19\" data-index-in-node=\"0\">5.1. Param\u00e8tres du navigateur :<\/b> Vous pouvez, \u00e0 tout moment :<\/p><ul data-path-to-node=\"20\"><li><p data-path-to-node=\"20,0,0\">Supprimer les cookies d\u00e9j\u00e0 stock\u00e9s sur votre appareil.<\/p><\/li><li><p data-path-to-node=\"20,1,0\">Refuser tous les cookies ou certains cookies.<\/p><\/li><li><p data-path-to-node=\"20,2,0\">Configurez votre navigateur pour qu'il vous avertisse lorsqu'un cookie est plac\u00e9.<\/p><\/li><\/ul><p data-path-to-node=\"21\"><b data-path-to-node=\"21\" data-index-in-node=\"0\">5.2. Cons\u00e9quences du refus des cookies :<\/b> M\u00eame si vous refusez certains cookies, vous pourrez toujours naviguer sur le site I-RIIDE. Cependant, certaines fonctionnalit\u00e9s ou services pourraient ne pas fonctionner de mani\u00e8re optimale.<\/p><p data-path-to-node=\"22\"><b data-path-to-node=\"22\" data-index-in-node=\"0\">6. Modifications de la Politique de Cookies<\/b> I-RIIDE se r\u00e9serve le droit de modifier cette Politique \u00e0 tout moment, notamment pour tenir compte de l'\u00e9volution du cadre l\u00e9gal, r\u00e9glementaire ou technique. Tout changement significatif sera communiqu\u00e9 via le site web ou l'application.<\/p><p data-path-to-node=\"23\"><b data-path-to-node=\"23\" data-index-in-node=\"0\">7. Contact<\/b> Pour toute question concernant cette Politique d'utilisation des cookies, vous pouvez nous contacter \u00e0 l'adresse : I-RIIDE, Rue Victor-Tissot 24B, 1630 Bulle \u2013 Suisse. Courriel : <b data-path-to-node=\"23\" data-index-in-node=\"151\">hello@i-riide.com<\/b><\/p>\t\t\t\t\t\t\t\t<\/div>\n\t\t\t\t\t<\/div>\n\t\t\t\t<\/div>\n\t\t\t\t<\/div>","protected":false},"excerpt":{"rendered":"<p>1. Introduction I-RIIDE Technologies S\u00e0rl (\u201cI-RIIDE\u201d, \u201cwe\u201d, \u201cus\u201d, \u201cour\u201d) uses cookies and similar technologies to ensure the proper functioning of its platform, enhance the user experience, and deliver relevant content. This Cookie Use Policy (the \u201cCookie Policy\u201d) clearly and transparently explains what cookies are, how and why I-RIIDE uses them, and what choices you have [&hellip;]<\/p>\n","protected":false},"author":1,"featured_media":0,"parent":0,"menu_order":0,"comment_status":"closed","ping_status":"closed","template":"","meta":{"_crdt_document":"","content-type":"","footnotes":""},"class_list":["post-1481","page","type-page","status-publish","hentry"],"yoast_head":"<!-- This site is optimized with the Yoast SEO plugin v27.4 - https:\/\/yoast.com\/product\/yoast-seo-wordpress\/ -->\n<title>Cookie Policy - IRIIDE<\/title>\n<meta name=\"robots\" content=\"index, follow, max-snippet:-1, max-image-preview:large, max-video-preview:-1\" \/>\n<link rel=\"canonical\" href=\"https:\/\/iriide.com\/fr\/politique-de-cookies\/\" \/>\n<meta property=\"og:locale\" content=\"fr_FR\" \/>\n<meta property=\"og:type\" content=\"article\" \/>\n<meta property=\"og:title\" content=\"Cookie Policy - IRIIDE\" \/>\n<meta property=\"og:description\" content=\"1. Introduction I-RIIDE Technologies S\u00e0rl (\u201cI-RIIDE\u201d, \u201cwe\u201d, \u201cus\u201d, \u201cour\u201d) uses cookies and similar technologies to ensure the proper functioning of its platform, enhance the user experience, and deliver relevant content. This Cookie Use Policy (the \u201cCookie Policy\u201d) clearly and transparently explains what cookies are, how and why I-RIIDE uses them, and what choices you have [&hellip;]\" \/>\n<meta property=\"og:url\" content=\"https:\/\/iriide.com\/fr\/politique-de-cookies\/\" \/>\n<meta property=\"og:site_name\" content=\"IRIIDE\" \/>\n<meta property=\"article:modified_time\" content=\"2026-03-30T08:22:30+00:00\" \/>\n<meta name=\"twitter:card\" content=\"summary_large_image\" \/>\n<meta name=\"twitter:label1\" content=\"Dur\u00e9e de lecture estim\u00e9e\" \/>\n\t<meta name=\"twitter:data1\" content=\"2 minutes\" \/>\n<script type=\"application\/ld+json\" class=\"yoast-schema-graph\">{\"@context\":\"https:\\\/\\\/schema.org\",\"@graph\":[{\"@type\":\"WebPage\",\"@id\":\"https:\\\/\\\/iriide.com\\\/cookie-policy\\\/\",\"url\":\"https:\\\/\\\/iriide.com\\\/cookie-policy\\\/\",\"name\":\"Cookie Policy - IRIIDE\",\"isPartOf\":{\"@id\":\"https:\\\/\\\/iriide.com\\\/#website\"},\"datePublished\":\"2026-03-28T13:42:39+00:00\",\"dateModified\":\"2026-03-30T08:22:30+00:00\",\"breadcrumb\":{\"@id\":\"https:\\\/\\\/iriide.com\\\/cookie-policy\\\/#breadcrumb\"},\"inLanguage\":\"fr-FR\",\"potentialAction\":[{\"@type\":\"ReadAction\",\"target\":[\"https:\\\/\\\/iriide.com\\\/cookie-policy\\\/\"]}]},{\"@type\":\"BreadcrumbList\",\"@id\":\"https:\\\/\\\/iriide.com\\\/cookie-policy\\\/#breadcrumb\",\"itemListElement\":[{\"@type\":\"ListItem\",\"position\":1,\"name\":\"Home\",\"item\":\"https:\\\/\\\/iriide.com\\\/\"},{\"@type\":\"ListItem\",\"position\":2,\"name\":\"Cookie Policy\"}]},{\"@type\":\"WebSite\",\"@id\":\"https:\\\/\\\/iriide.com\\\/#website\",\"url\":\"https:\\\/\\\/iriide.com\\\/\",\"name\":\"IRIIDE\",\"description\":\"\",\"publisher\":{\"@id\":\"https:\\\/\\\/iriide.com\\\/#organization\"},\"potentialAction\":[{\"@type\":\"SearchAction\",\"target\":{\"@type\":\"EntryPoint\",\"urlTemplate\":\"https:\\\/\\\/iriide.com\\\/?s={search_term_string}\"},\"query-input\":{\"@type\":\"PropertyValueSpecification\",\"valueRequired\":true,\"valueName\":\"search_term_string\"}}],\"inLanguage\":\"fr-FR\"},{\"@type\":\"Organization\",\"@id\":\"https:\\\/\\\/iriide.com\\\/#organization\",\"name\":\"IRIIDE\",\"url\":\"https:\\\/\\\/iriide.com\\\/\",\"logo\":{\"@type\":\"ImageObject\",\"inLanguage\":\"fr-FR\",\"@id\":\"https:\\\/\\\/iriide.com\\\/#\\\/schema\\\/logo\\\/image\\\/\",\"url\":\"https:\\\/\\\/iriide.com\\\/wp-content\\\/uploads\\\/2026\\\/03\\\/cropped-photo_2026-03-31_22-18-13.jpg\",\"contentUrl\":\"https:\\\/\\\/iriide.com\\\/wp-content\\\/uploads\\\/2026\\\/03\\\/cropped-photo_2026-03-31_22-18-13.jpg\",\"width\":512,\"height\":512,\"caption\":\"IRIIDE\"},\"image\":{\"@id\":\"https:\\\/\\\/iriide.com\\\/#\\\/schema\\\/logo\\\/image\\\/\"},\"sameAs\":[\"https:\\\/\\\/www.instagram.com\\\/i.riide\\\/\"]}]}<\/script>\n<!-- \/ Yoast SEO plugin. -->","yoast_head_json":{"title":"Politique de cookies - IRIIDE","robots":{"index":"index","follow":"follow","max-snippet":"max-snippet:-1","max-image-preview":"max-image-preview:large","max-video-preview":"max-video-preview:-1"},"canonical":"https:\/\/iriide.com\/fr\/politique-de-cookies\/","og_locale":"fr_FR","og_type":"article","og_title":"Cookie Policy - IRIIDE","og_description":"1. Introduction I-RIIDE Technologies S\u00e0rl (\u201cI-RIIDE\u201d, \u201cwe\u201d, \u201cus\u201d, \u201cour\u201d) uses cookies and similar technologies to ensure the proper functioning of its platform, enhance the user experience, and deliver relevant content. This Cookie Use Policy (the \u201cCookie Policy\u201d) clearly and transparently explains what cookies are, how and why I-RIIDE uses them, and what choices you have [&hellip;]","og_url":"https:\/\/iriide.com\/fr\/politique-de-cookies\/","og_site_name":"IRIIDE","article_modified_time":"2026-03-30T08:22:30+00:00","twitter_card":"summary_large_image","twitter_misc":{"Dur\u00e9e de lecture estim\u00e9e":"2 minutes"},"schema":{"@context":"https:\/\/schema.org","@graph":[{"@type":"WebPage","@id":"https:\/\/iriide.com\/cookie-policy\/","url":"https:\/\/iriide.com\/cookie-policy\/","name":"Politique de cookies - IRIIDE","isPartOf":{"@id":"https:\/\/iriide.com\/#website"},"datePublished":"2026-03-28T13:42:39+00:00","dateModified":"2026-03-30T08:22:30+00:00","breadcrumb":{"@id":"https:\/\/iriide.com\/cookie-policy\/#breadcrumb"},"inLanguage":"fr-FR","potentialAction":[{"@type":"ReadAction","target":["https:\/\/iriide.com\/cookie-policy\/"]}]},{"@type":"BreadcrumbList","@id":"https:\/\/iriide.com\/cookie-policy\/#breadcrumb","itemListElement":[{"@type":"ListItem","position":1,"name":"Home","item":"https:\/\/iriide.com\/"},{"@type":"ListItem","position":2,"name":"Cookie Policy"}]},{"@type":"WebSite","@id":"https:\/\/iriide.com\/#website","url":"https:\/\/iriide.com\/","name":"IRIIDE","description":"","publisher":{"@id":"https:\/\/iriide.com\/#organization"},"potentialAction":[{"@type":"SearchAction","target":{"@type":"EntryPoint","urlTemplate":"https:\/\/iriide.com\/?s={search_term_string}"},"query-input":{"@type":"PropertyValueSpecification","valueRequired":true,"valueName":"search_term_string"}}],"inLanguage":"fr-FR"},{"@type":"Organization","@id":"https:\/\/iriide.com\/#organization","name":"IRIIDE","url":"https:\/\/iriide.com\/","logo":{"@type":"ImageObject","inLanguage":"fr-FR","@id":"https:\/\/iriide.com\/#\/schema\/logo\/image\/","url":"https:\/\/iriide.com\/wp-content\/uploads\/2026\/03\/cropped-photo_2026-03-31_22-18-13.jpg","contentUrl":"https:\/\/iriide.com\/wp-content\/uploads\/2026\/03\/cropped-photo_2026-03-31_22-18-13.jpg","width":512,"height":512,"caption":"IRIIDE"},"image":{"@id":"https:\/\/iriide.com\/#\/schema\/logo\/image\/"},"sameAs":["https:\/\/www.instagram.com\/i.riide\/"]}]}},"_hostinger_reach_plugin_has_subscription_block":false,"_hostinger_reach_plugin_is_elementor":false,"jetpack_sharing_enabled":true,"jetpack_shortlink":"https:\/\/wp.me\/Ph84lu-nT","_links":{"self":[{"href":"https:\/\/iriide.com\/fr\/wp-json\/wp\/v2\/pages\/1481","targetHints":{"allow":["GET"]}}],"collection":[{"href":"https:\/\/iriide.com\/fr\/wp-json\/wp\/v2\/pages"}],"about":[{"href":"https:\/\/iriide.com\/fr\/wp-json\/wp\/v2\/types\/page"}],"author":[{"embeddable":true,"href":"https:\/\/iriide.com\/fr\/wp-json\/wp\/v2\/users\/1"}],"replies":[{"embeddable":true,"href":"https:\/\/iriide.com\/fr\/wp-json\/wp\/v2\/comments?post=1481"}],"version-history":[{"count":16,"href":"https:\/\/iriide.com\/fr\/wp-json\/wp\/v2\/pages\/1481\/revisions"}],"predecessor-version":[{"id":1812,"href":"https:\/\/iriide.com\/fr\/wp-json\/wp\/v2\/pages\/1481\/revisions\/1812"}],"wp:attachment":[{"href":"https:\/\/iriide.com\/fr\/wp-json\/wp\/v2\/media?parent=1481"}],"curies":[{"name":"wp","href":"https:\/\/api.w.org\/{rel}","templated":true}]}}